{"id":561,"date":"2018-03-08T07:14:44","date_gmt":"2018-03-08T07:14:44","guid":{"rendered":"https:\/\/brc-eschweiler.de\/?page_id=561"},"modified":"2025-09-18T15:32:26","modified_gmt":"2025-09-18T13:32:26","slug":"impressum","status":"publish","type":"page","link":"https:\/\/www.brc-eschweiler.de\/?page_id=561","title":{"rendered":"Impressum"},"content":{"rendered":"<p><strong>Badminton- und Rollsportclub Eschweiler 1922 e.V.<\/strong><\/p>\n<p>1. Vorsitzender:<br \/>\nDaniel Heinen<br \/>\nTonbrennweg 4<br \/>\n52249 Eschweiler<br \/>\nE-Mail:vorstand@brc-eschweiler.de<\/p>\n<p>Vereinsregister: Aachen 50104<br \/>\nSt.-Nr. 202\/5607\/0611<\/p>\n<p><strong>Disclaimer:<\/strong><strong>\u00a0<\/strong><\/p>\n<p>Wir werden sehr sorgf\u00e4ltig und vertraulich mit Ihren pers\u00f6nlichen Daten, die Sie uns zur Verf\u00fcgung stellen, umgehen. Gesetzliche Bestimmungen werden von uns beachtet.<\/p>\n<p>Pers\u00f6nlichkeitsrechte werden wir nicht beeintr\u00e4chtigen.<\/p>\n<p>Ein Widerspruch zur Datenspeicherung und Datennutzung Ihrer personenbezogenen Daten ist jederzeit m\u00f6glich, und wir werden Ihre personenbezogenen Daten unter Beachtung gesetzlicher Regelungen umgehend l\u00f6schen.<\/p>\n<p>Unsere Internetseiten verweisen auch auf externe Links. F\u00fcr deren Datenschutzregelungen sind wir nicht verantwortlich, und wir empfehlen Ihnen die Datenschutzregelungen dieser Seiten selbst zur Kenntnis zu nehmen.<\/p>\n<p>Eine Verlinkung unserer Internetseite auf einer Internetseite eines Dritten bedarf der Zustimmung des Badminton- und Rollsportclub Eschweiler 1922 e.V.<\/p>\n<p>Die Inhalte unserer Internetseiten werden mit gr\u00f6\u00dfter Sorgfalt erstellt. Wir \u00fcbernehmen jedoch keine Gew\u00e4hr f\u00fcr deren Vollst\u00e4ndigkeit, Aktualit\u00e4t oder Qualit\u00e4t. Die Nutzung der Internetseiten und der auf den Internetseiten zur Verf\u00fcgung gestellten Inhalte erfolgt auf alleinige Gefahr des Nutzers.<\/p>\n<p>Die Inhalte auf den Internetseiten des Badminton- und Rollsportclub Eschweiler 1922 e.V sind urheberrechtlich gesch\u00fctzt.<\/p>\n","protected":false},"excerpt":{"rendered":"<p>Badminton- und Rollsportclub Eschweiler 1922 e.V. 1. Vorsitzender: Daniel Heinen Tonbrennweg 4 52249 Eschweiler E-Mail:vorstand@brc-eschweiler.de Vereinsregister: Aachen 50104 St.-Nr. 202\/5607\/0611 Disclaimer:\u00a0 Wir werden sehr sorgf\u00e4ltig und vertraulich mit Ihren pers\u00f6nlichen Daten, die Sie uns zur Verf\u00fcgung stellen, umgehen. Gesetzliche Bestimmungen werden von uns beachtet. Pers\u00f6nlichkeitsrechte werden wir nicht beeintr\u00e4chtigen. Ein Widerspruch zur Datenspeicherung und Datennutzung &hellip; <\/p>\n<p class=\"link-more\"><a href=\"https:\/\/www.brc-eschweiler.de\/?page_id=561\" class=\"more-link\"><span class=\"screen-reader-text\">\u201eImpressum\u201c <\/span>weiterlesen<\/a><\/p>\n","protected":false},"author":1,"featured_media":0,"parent":0,"menu_order":0,"comment_status":"closed","ping_status":"closed","template":"","meta":{"jetpack_post_was_ever_published":false,"footnotes":""},"class_list":["post-561","page","type-page","status-publish","hentry"],"jetpack_sharing_enabled":true,"jetpack_shortlink":"https:\/\/wp.me\/PacxTB-93","jetpack_likes_enabled":true,"_links":{"self":[{"href":"https:\/\/www.brc-eschweiler.de\/index.php?rest_route=\/wp\/v2\/pages\/561","targetHints":{"allow":["GET"]}}],"collection":[{"href":"https:\/\/www.brc-eschweiler.de\/index.php?rest_route=\/wp\/v2\/pages"}],"about":[{"href":"https:\/\/www.brc-eschweiler.de\/index.php?rest_route=\/wp\/v2\/types\/page"}],"author":[{"embeddable":true,"href":"https:\/\/www.brc-eschweiler.de\/index.php?rest_route=\/wp\/v2\/users\/1"}],"replies":[{"embeddable":true,"href":"https:\/\/www.brc-eschweiler.de\/index.php?rest_route=%2Fwp%2Fv2%2Fcomments&post=561"}],"version-history":[{"count":19,"href":"https:\/\/www.brc-eschweiler.de\/index.php?rest_route=\/wp\/v2\/pages\/561\/revisions"}],"predecessor-version":[{"id":1584,"href":"https:\/\/www.brc-eschweiler.de\/index.php?rest_route=\/wp\/v2\/pages\/561\/revisions\/1584"}],"wp:attachment":[{"href":"https:\/\/www.brc-eschweiler.de\/index.php?rest_route=%2Fwp%2Fv2%2Fmedia&parent=561"}],"curies":[{"name":"wp","href":"https:\/\/api.w.org\/{rel}","templated":true}]}}